{"id":91,"date":"2025-09-21T19:20:49","date_gmt":"2025-09-21T17:20:49","guid":{"rendered":"http:\/\/mirkorusrough.com\/widerrufsbelehrung\/"},"modified":"2026-02-11T22:49:06","modified_gmt":"2026-02-11T21:49:06","slug":"widerrufsbelehrung","status":"publish","type":"page","link":"https:\/\/mirkorusrough.com\/de\/widerrufsbelehrung\/","title":{"rendered":"Widerrufsbelehrung"},"content":{"rendered":"\n<h1 data-start=\"334\" data-end=\"354\">Widerrufsbelehrung<\/h1>\n<h2 data-start=\"356\" data-end=\"373\">Widerrufsrecht<\/h2>\n<p data-start=\"375\" data-end=\"483\">Verbraucher haben das Recht, binnen <strong data-start=\"411\" data-end=\"429\">vierzehn Tagen<\/strong> ohne Angabe von Gr\u00fcnden diesen Vertrag zu widerrufen.<\/p>\n<p data-start=\"485\" data-end=\"667\">Die Widerrufsfrist betr\u00e4gt <strong data-start=\"512\" data-end=\"540\">vierzehn Tage ab dem Tag<\/strong>,<br data-start=\"541\" data-end=\"544\">an dem Sie oder ein von Ihnen benannter Dritter, der nicht der Bef\u00f6rderer ist, die Waren in Besitz genommen haben bzw. hat.<\/p>\n<p data-start=\"669\" data-end=\"717\">Um Ihr Widerrufsrecht auszu\u00fcben, m\u00fcssen Sie uns:<\/p>\n<p data-start=\"719\" data-end=\"828\"><strong data-start=\"719\" data-end=\"742\">Lapidarius Mirkorus<\/strong><br data-start=\"742\" data-end=\"745\">Inhaber: Mirko Dokic<br data-start=\"765\" data-end=\"768\">Eichenweg 13<br data-start=\"780\" data-end=\"783\">70771 Leinfelden-Echterdingen<br data-start=\"812\" data-end=\"815\">Deutschland<\/p>\n<p data-start=\"830\" data-end=\"862\">E-Mail: <em data-start=\"3535\" data-end=\"3559\">mdokic@gmail.com<\/em><\/p>\n<p data-start=\"864\" data-end=\"998\">mittels einer <strong data-start=\"878\" data-end=\"903\">eindeutigen Erkl\u00e4rung<\/strong> (z. B. per E-Mail oder Post) \u00fcber Ihren Entschluss, diesen Vertrag zu widerrufen, informieren.<\/p>\n<p data-start=\"1000\" data-end=\"1151\">Zur Wahrung der Widerrufsfrist reicht es aus, dass Sie die Mitteilung \u00fcber die Aus\u00fcbung des Widerrufsrechts <strong data-start=\"1108\" data-end=\"1150\">vor Ablauf der Widerrufsfrist absenden<\/strong>.<\/p>\n<hr data-start=\"1153\" data-end=\"1156\">\n<h2 data-start=\"1158\" data-end=\"1181\">Folgen des Widerrufs<\/h2>\n<p data-start=\"1183\" data-end=\"1659\">Wenn Sie diesen Vertrag widerrufen, haben wir Ihnen <strong data-start=\"1235\" data-end=\"1253\">alle Zahlungen<\/strong>, die wir von Ihnen erhalten haben, einschlie\u00dflich der Lieferkosten (mit Ausnahme der zus\u00e4tzlichen Kosten, die sich daraus ergeben, dass Sie eine andere Art der Lieferung als die von uns angebotene g\u00fcnstigste Standardlieferung gew\u00e4hlt haben), <strong data-start=\"1496\" data-end=\"1549\">unverz\u00fcglich und sp\u00e4testens binnen vierzehn Tagen<\/strong> ab dem Tag zur\u00fcckzuzahlen, an dem die Mitteilung \u00fcber Ihren Widerruf dieses Vertrags bei uns eingegangen ist.<\/p>\n<p data-start=\"1661\" data-end=\"1920\">F\u00fcr diese R\u00fcckzahlung verwenden wir dasselbe Zahlungsmittel, das Sie bei der urspr\u00fcnglichen Transaktion eingesetzt haben, <strong data-start=\"1783\" data-end=\"1846\">es sei denn, es wurde ausdr\u00fccklich etwas anderes vereinbart<\/strong>; in keinem Fall werden Ihnen wegen dieser R\u00fcckzahlung Entgelte berechnet.<\/p>\n<p data-start=\"1922\" data-end=\"2140\">Wir k\u00f6nnen die R\u00fcckzahlung verweigern, <strong data-start=\"1961\" data-end=\"2010\">bis wir die Waren wieder zur\u00fcckerhalten haben<\/strong> oder bis Sie den Nachweis erbracht haben, dass Sie die Waren zur\u00fcckgesandt haben \u2013 je nachdem, welches der fr\u00fchere Zeitpunkt ist.<\/p>\n<hr data-start=\"2142\" data-end=\"2145\">\n<h2 data-start=\"2147\" data-end=\"2171\">R\u00fccksendung der Waren<\/h2>\n<p data-start=\"2173\" data-end=\"2376\">Sie haben die Waren <strong data-start=\"2193\" data-end=\"2260\">unverz\u00fcglich und in jedem Fall sp\u00e4testens binnen vierzehn Tagen<\/strong> ab dem Tag, an dem Sie uns \u00fcber den Widerruf dieses Vertrags unterrichten, an uns zur\u00fcckzusenden oder zu \u00fcbergeben.<\/p>\n<p data-start=\"2378\" data-end=\"2473\">Die Frist ist gewahrt, wenn Sie die Waren <strong data-start=\"2420\" data-end=\"2472\">vor Ablauf der Frist von vierzehn Tagen absenden<\/strong>.<\/p>\n<p data-start=\"2475\" data-end=\"2541\">Sie tragen die <strong data-start=\"2490\" data-end=\"2540\">unmittelbaren Kosten der R\u00fccksendung der Waren<\/strong>.<\/p>\n<p data-start=\"2543\" data-end=\"2781\">Sie m\u00fcssen f\u00fcr einen etwaigen <strong data-start=\"2573\" data-end=\"2612\">Wertverlust der Waren nur aufkommen<\/strong>, wenn dieser Wertverlust auf einen zur Pr\u00fcfung der Beschaffenheit, Eigenschaften und Funktionsweise der Waren <strong data-start=\"2723\" data-end=\"2751\">nicht notwendigen Umgang<\/strong> mit ihnen zur\u00fcckzuf\u00fchren ist.<\/p>\n<hr data-start=\"2783\" data-end=\"2786\">\n<h2 data-start=\"2788\" data-end=\"2836\">Ausschluss bzw. Erl\u00f6schen des Widerrufsrechts<\/h2>\n<p data-start=\"2838\" data-end=\"2913\">Das Widerrufsrecht besteht <strong data-start=\"2865\" data-end=\"2874\">nicht<\/strong> bei Vertr\u00e4gen zur Lieferung von Waren,<\/p>\n<ul data-start=\"2915\" data-end=\"3159\">\n<li data-start=\"2915\" data-end=\"2954\">\n<p data-start=\"2917\" data-end=\"2954\">die <strong data-start=\"2921\" data-end=\"2943\">nicht vorgefertigt<\/strong> sind und<\/p>\n<\/li>\n<li data-start=\"2955\" data-end=\"3064\">\n<p data-start=\"2957\" data-end=\"3064\">f\u00fcr deren Herstellung eine <strong data-start=\"2984\" data-end=\"3061\">individuelle Auswahl oder Bestimmung durch den Verbraucher ma\u00dfgeblich ist<\/strong>,<\/p>\n<\/li>\n<li data-start=\"3065\" data-end=\"3159\">\n<p data-start=\"3067\" data-end=\"3159\">oder die <strong data-start=\"3076\" data-end=\"3153\">eindeutig auf die pers\u00f6nlichen Bed\u00fcrfnisse des Verbrauchers zugeschnitten<\/strong> sind.<\/p>\n<\/li>\n<\/ul>\n<p data-start=\"3161\" data-end=\"3270\">Dies betrifft insbesondere <strong data-start=\"3188\" data-end=\"3269\">individuell nach Kundenwunsch facettierte Edelsteine oder Sonderanfertigungen<\/strong>.<\/p>\n<p data-start=\"3161\" data-end=\"3270\">Das Widerrufsrecht <strong data-start=\"764\" data-end=\"783\">erlischt ferner<\/strong>, wenn die Ware <strong data-start=\"799\" data-end=\"884\">nach Lieferung durch den Verbraucher bearbeitet, ver\u00e4ndert oder verarbeitet wurde<\/strong> und dadurch <strong data-start=\"897\" data-end=\"969\">nicht mehr in ihrem urspr\u00fcnglichen Zustand zur\u00fcckgegeben werden kann<\/strong>.<\/p>\n<hr data-start=\"3272\" data-end=\"3275\">\n<h2 data-start=\"3277\" data-end=\"3315\">Muster-Widerrufsformular (optional)<\/h2>\n<p data-start=\"3317\" data-end=\"3413\">(Wenn Sie den Vertrag widerrufen wollen, k\u00f6nnen Sie dieses Formular ausf\u00fcllen und zur\u00fccksenden.)<\/p>\n<p data-start=\"3415\" data-end=\"3559\">An:<br data-start=\"3418\" data-end=\"3421\">Lapidarius Mirkorus<br data-start=\"3440\" data-end=\"3443\">Inhaber: Mirko Dokic<br data-start=\"3463\" data-end=\"3466\">Eichenweg 13<br data-start=\"3478\" data-end=\"3481\">70771 Leinfelden-Echterdingen<br data-start=\"3510\" data-end=\"3513\">Deutschland<br data-start=\"3524\" data-end=\"3527\">E-Mail: <em data-start=\"3535\" data-end=\"3559\">mdokic@gmail.com<\/em><\/p>\n<p data-start=\"3561\" data-end=\"3653\">Hiermit widerrufe ich den von mir abgeschlossenen Vertrag \u00fcber den Kauf der folgenden Waren:<\/p>\n<hr data-start=\"3655\" data-end=\"3705\">\n<p data-start=\"3707\" data-end=\"3757\">Bestellt am \/ erhalten am:<\/p>\n<p data-start=\"3707\" data-end=\"3757\">&nbsp;<\/p>\n<p data-start=\"3707\" data-end=\"3757\">Name des Verbrauchers:<\/p>\n<p>Anschrift des Verbrauchers:<\/p>\n<p>Unterschrift des Verbrauchers (nur bei Mitteilung auf Papier):<\/p>\n<p>Datum:<\/p>\n<p>&nbsp;<\/p>\n\n\n\n<p><\/p>\n","protected":false},"excerpt":{"rendered":"","protected":false},"author":1,"featured_media":0,"parent":0,"menu_order":0,"comment_status":"closed","ping_status":"closed","template":"","meta":{"footnotes":""},"class_list":["post-91","page","type-page","status-publish","hentry"],"yoast_head":"<!-- This site is optimized with the Yoast SEO plugin v27.1.1 - https:\/\/yoast.com\/product\/yoast-seo-wordpress\/ -->\n<title>Widerrufsbelehrung - mirkorusrough.com<\/title>\n<meta name=\"robots\" content=\"index, follow, max-snippet:-1, max-image-preview:large, max-video-preview:-1\" \/>\n<link rel=\"canonical\" href=\"https:\/\/mirkorusrough.com\/de\/widerrufsbelehrung\/\" \/>\n<meta property=\"og:locale\" content=\"de_DE\" \/>\n<meta property=\"og:type\" content=\"article\" \/>\n<meta property=\"og:title\" content=\"Widerrufsbelehrung - mirkorusrough.com\" \/>\n<meta property=\"og:url\" content=\"https:\/\/mirkorusrough.com\/de\/widerrufsbelehrung\/\" \/>\n<meta property=\"og:site_name\" content=\"mirkorusrough.com\" \/>\n<meta property=\"article:modified_time\" content=\"2026-02-11T21:49:06+00:00\" \/>\n<meta name=\"twitter:card\" content=\"summary_large_image\" \/>\n<meta name=\"twitter:label1\" content=\"Gesch\u00e4tzte Lesezeit\" \/>\n\t<meta name=\"twitter:data1\" content=\"3\u00a0Minuten\" \/>\n<script type=\"application\/ld+json\" class=\"yoast-schema-graph\">{\"@context\":\"https:\/\/schema.org\",\"@graph\":[{\"@type\":\"WebPage\",\"@id\":\"https:\/\/mirkorusrough.com\/de\/widerrufsbelehrung\/\",\"url\":\"https:\/\/mirkorusrough.com\/de\/widerrufsbelehrung\/\",\"name\":\"Widerrufsbelehrung - mirkorusrough.com\",\"isPartOf\":{\"@id\":\"https:\/\/mirkorusrough.com\/de\/#website\"},\"datePublished\":\"2025-09-21T17:20:49+00:00\",\"dateModified\":\"2026-02-11T21:49:06+00:00\",\"breadcrumb\":{\"@id\":\"https:\/\/mirkorusrough.com\/de\/widerrufsbelehrung\/#breadcrumb\"},\"inLanguage\":\"de\",\"potentialAction\":[{\"@type\":\"ReadAction\",\"target\":[\"https:\/\/mirkorusrough.com\/de\/widerrufsbelehrung\/\"]}]},{\"@type\":\"BreadcrumbList\",\"@id\":\"https:\/\/mirkorusrough.com\/de\/widerrufsbelehrung\/#breadcrumb\",\"itemListElement\":[{\"@type\":\"ListItem\",\"position\":1,\"name\":\"Start\",\"item\":\"https:\/\/mirkorusrough.com\/de\/\"},{\"@type\":\"ListItem\",\"position\":2,\"name\":\"Widerrufsbelehrung\"}]},{\"@type\":\"WebSite\",\"@id\":\"https:\/\/mirkorusrough.com\/de\/#website\",\"url\":\"https:\/\/mirkorusrough.com\/de\/\",\"name\":\"Mirkorus Rough\",\"description\":\"Facet-grade stones &amp; rare minerals\",\"publisher\":{\"@id\":\"https:\/\/mirkorusrough.com\/de\/#organization\"},\"potentialAction\":[{\"@type\":\"SearchAction\",\"target\":{\"@type\":\"EntryPoint\",\"urlTemplate\":\"https:\/\/mirkorusrough.com\/de\/?s={search_term_string}\"},\"query-input\":{\"@type\":\"PropertyValueSpecification\",\"valueRequired\":true,\"valueName\":\"search_term_string\"}}],\"inLanguage\":\"de\"},{\"@type\":\"Organization\",\"@id\":\"https:\/\/mirkorusrough.com\/de\/#organization\",\"name\":\"Lapidarius Mirkorus\",\"url\":\"https:\/\/mirkorusrough.com\/de\/\",\"logo\":{\"@type\":\"ImageObject\",\"inLanguage\":\"de\",\"@id\":\"https:\/\/mirkorusrough.com\/de\/#\/schema\/logo\/image\/\",\"url\":\"http:\/\/mirkorusrough.com\/wp-content\/uploads\/2026\/02\/MirkorusRough.png\",\"contentUrl\":\"http:\/\/mirkorusrough.com\/wp-content\/uploads\/2026\/02\/MirkorusRough.png\",\"width\":607,\"height\":434,\"caption\":\"Lapidarius Mirkorus\"},\"image\":{\"@id\":\"https:\/\/mirkorusrough.com\/de\/#\/schema\/logo\/image\/\"}}]}<\/script>\n<!-- \/ Yoast SEO plugin. -->","yoast_head_json":{"title":"Widerrufsbelehrung - mirkorusrough.com","robots":{"index":"index","follow":"follow","max-snippet":"max-snippet:-1","max-image-preview":"max-image-preview:large","max-video-preview":"max-video-preview:-1"},"canonical":"https:\/\/mirkorusrough.com\/de\/widerrufsbelehrung\/","og_locale":"de_DE","og_type":"article","og_title":"Widerrufsbelehrung - mirkorusrough.com","og_url":"https:\/\/mirkorusrough.com\/de\/widerrufsbelehrung\/","og_site_name":"mirkorusrough.com","article_modified_time":"2026-02-11T21:49:06+00:00","twitter_card":"summary_large_image","twitter_misc":{"Gesch\u00e4tzte Lesezeit":"3\u00a0Minuten"},"schema":{"@context":"https:\/\/schema.org","@graph":[{"@type":"WebPage","@id":"https:\/\/mirkorusrough.com\/de\/widerrufsbelehrung\/","url":"https:\/\/mirkorusrough.com\/de\/widerrufsbelehrung\/","name":"Widerrufsbelehrung - mirkorusrough.com","isPartOf":{"@id":"https:\/\/mirkorusrough.com\/de\/#website"},"datePublished":"2025-09-21T17:20:49+00:00","dateModified":"2026-02-11T21:49:06+00:00","breadcrumb":{"@id":"https:\/\/mirkorusrough.com\/de\/widerrufsbelehrung\/#breadcrumb"},"inLanguage":"de","potentialAction":[{"@type":"ReadAction","target":["https:\/\/mirkorusrough.com\/de\/widerrufsbelehrung\/"]}]},{"@type":"BreadcrumbList","@id":"https:\/\/mirkorusrough.com\/de\/widerrufsbelehrung\/#breadcrumb","itemListElement":[{"@type":"ListItem","position":1,"name":"Start","item":"https:\/\/mirkorusrough.com\/de\/"},{"@type":"ListItem","position":2,"name":"Widerrufsbelehrung"}]},{"@type":"WebSite","@id":"https:\/\/mirkorusrough.com\/de\/#website","url":"https:\/\/mirkorusrough.com\/de\/","name":"Mirkorus Rough","description":"Facet-grade stones &amp; rare minerals","publisher":{"@id":"https:\/\/mirkorusrough.com\/de\/#organization"},"potentialAction":[{"@type":"SearchAction","target":{"@type":"EntryPoint","urlTemplate":"https:\/\/mirkorusrough.com\/de\/?s={search_term_string}"},"query-input":{"@type":"PropertyValueSpecification","valueRequired":true,"valueName":"search_term_string"}}],"inLanguage":"de"},{"@type":"Organization","@id":"https:\/\/mirkorusrough.com\/de\/#organization","name":"Lapidarius Mirkorus","url":"https:\/\/mirkorusrough.com\/de\/","logo":{"@type":"ImageObject","inLanguage":"de","@id":"https:\/\/mirkorusrough.com\/de\/#\/schema\/logo\/image\/","url":"http:\/\/mirkorusrough.com\/wp-content\/uploads\/2026\/02\/MirkorusRough.png","contentUrl":"http:\/\/mirkorusrough.com\/wp-content\/uploads\/2026\/02\/MirkorusRough.png","width":607,"height":434,"caption":"Lapidarius Mirkorus"},"image":{"@id":"https:\/\/mirkorusrough.com\/de\/#\/schema\/logo\/image\/"}}]}},"_links":{"self":[{"href":"https:\/\/mirkorusrough.com\/de\/wp-json\/wp\/v2\/pages\/91","targetHints":{"allow":["GET"]}}],"collection":[{"href":"https:\/\/mirkorusrough.com\/de\/wp-json\/wp\/v2\/pages"}],"about":[{"href":"https:\/\/mirkorusrough.com\/de\/wp-json\/wp\/v2\/types\/page"}],"author":[{"embeddable":true,"href":"https:\/\/mirkorusrough.com\/de\/wp-json\/wp\/v2\/users\/1"}],"replies":[{"embeddable":true,"href":"https:\/\/mirkorusrough.com\/de\/wp-json\/wp\/v2\/comments?post=91"}],"version-history":[{"count":7,"href":"https:\/\/mirkorusrough.com\/de\/wp-json\/wp\/v2\/pages\/91\/revisions"}],"predecessor-version":[{"id":743,"href":"https:\/\/mirkorusrough.com\/de\/wp-json\/wp\/v2\/pages\/91\/revisions\/743"}],"wp:attachment":[{"href":"https:\/\/mirkorusrough.com\/de\/wp-json\/wp\/v2\/media?parent=91"}],"curies":[{"name":"wp","href":"https:\/\/api.w.org\/{rel}","templated":true}]}}