{"id":783,"date":"2026-02-10T22:44:57","date_gmt":"2026-02-10T21:44:57","guid":{"rendered":"https:\/\/mirkorusrough.com\/produkt\/amethyst-bahia-brasilien\/"},"modified":"2026-02-16T19:49:35","modified_gmt":"2026-02-16T18:49:35","slug":"amethyst-bahia-brasilien","status":"publish","type":"product","link":"https:\/\/mirkorusrough.com\/de\/produkt\/amethyst-bahia-brasilien\/","title":{"rendered":"Amethyst \u2013 Bahia, Brasilien"},"content":{"rendered":"<p data-start=\"466\" data-end=\"702\">Steintyp: <strong>Nat\u00fcrlicher Amethyst<\/strong><br \/>\nHerkunft: <strong>Bahia, Brasilien<\/strong><br \/>\nGewicht: <strong>92,9 ct (18,58g)<\/strong><br \/>\nMa\u00dfe: <strong>Verschiedene<\/strong><br \/>\nBehandlung: <strong>Ungeheizt<\/strong><br \/>\nReinheit: <strong>Augenrein<\/strong><br \/>\nFarbe: <strong>Violett<\/strong><br \/>\nTransparenz: <strong>Transparent<\/strong><br \/>\nRohform: <strong>Kristall<\/strong><br \/>\nSchleifpotenzial: <strong>Schleifqualit\u00e4t<br \/>\n<\/strong>Schleifbarer Anteil:<strong>~80%<br \/>\n<\/strong>Gesch\u00e4tzte Ausbeute: <strong>~30 %<\/strong><\/p>\n","protected":false},"excerpt":{"rendered":"<p><strong>Nat\u00fcrlicher Amethyst in Schleifqualit\u00e4t aus Bahia, Brasilien.<\/strong><br data-start=\"217\" data-end=\"220\" \/>Nat\u00fcrlich ungeheizt, augenrein und transparent, mit violettem Ton.<\/p>\n","protected":false},"featured_media":665,"comment_status":"open","ping_status":"closed","template":"","meta":[],"product_brand":[],"product_cat":[198],"product_tag":[],"class_list":{"0":"post-783","1":"product","2":"type-product","3":"status-publish","4":"has-post-thumbnail","6":"product_cat-amethyst","8":"first","9":"instock","10":"taxable","11":"shipping-taxable","12":"purchasable","13":"product-type-simple"},"yoast_head":"<!-- This site is optimized with the Yoast SEO plugin v27.1.1 - https:\/\/yoast.com\/product\/yoast-seo-wordpress\/ -->\n<title>Amethyst \u2013 Bahia, Brasilien - mirkorusrough.com<\/title>\n<meta name=\"robots\" content=\"index, follow, max-snippet:-1, max-image-preview:large, max-video-preview:-1\" \/>\n<link rel=\"canonical\" href=\"https:\/\/mirkorusrough.com\/de\/produkt\/amethyst-bahia-brasilien\/\" \/>\n<meta property=\"og:locale\" content=\"de_DE\" \/>\n<meta property=\"og:type\" content=\"article\" \/>\n<meta property=\"og:title\" content=\"Amethyst \u2013 Bahia, Brasilien - mirkorusrough.com\" \/>\n<meta property=\"og:description\" content=\"Nat\u00fcrlicher Amethyst in Schleifqualit\u00e4t aus Bahia, Brasilien.Nat\u00fcrlich ungeheizt, augenrein und transparent, mit violettem Ton.\" \/>\n<meta property=\"og:url\" content=\"https:\/\/mirkorusrough.com\/de\/produkt\/amethyst-bahia-brasilien\/\" \/>\n<meta property=\"og:site_name\" content=\"mirkorusrough.com\" \/>\n<meta property=\"article:modified_time\" content=\"2026-02-16T18:49:35+00:00\" \/>\n<meta property=\"og:image\" content=\"https:\/\/mirkorusrough.com\/wp-content\/uploads\/2026\/02\/img_3738-scaled-e1770760149267.jpeg\" \/>\n\t<meta property=\"og:image:width\" content=\"1613\" \/>\n\t<meta property=\"og:image:height\" content=\"1613\" \/>\n\t<meta property=\"og:image:type\" content=\"image\/jpeg\" \/>\n<meta name=\"twitter:card\" content=\"summary_large_image\" \/>\n<meta name=\"twitter:label1\" content=\"Gesch\u00e4tzte Lesezeit\" \/>\n\t<meta name=\"twitter:data1\" content=\"1\u00a0Minute\" \/>\n<script type=\"application\/ld+json\" class=\"yoast-schema-graph\">{\"@context\":\"https:\/\/schema.org\",\"@graph\":[{\"@type\":\"WebPage\",\"@id\":\"https:\/\/mirkorusrough.com\/de\/produkt\/amethyst-bahia-brasilien\/\",\"url\":\"https:\/\/mirkorusrough.com\/de\/produkt\/amethyst-bahia-brasilien\/\",\"name\":\"Amethyst \u2013 Bahia, Brasilien - mirkorusrough.com\",\"isPartOf\":{\"@id\":\"http:\/\/mirkorusrough.com\/de\/#website\"},\"primaryImageOfPage\":{\"@id\":\"https:\/\/mirkorusrough.com\/de\/produkt\/amethyst-bahia-brasilien\/#primaryimage\"},\"image\":{\"@id\":\"https:\/\/mirkorusrough.com\/de\/produkt\/amethyst-bahia-brasilien\/#primaryimage\"},\"thumbnailUrl\":\"https:\/\/mirkorusrough.com\/wp-content\/uploads\/2026\/02\/img_3738-scaled-e1770760149267.jpeg\",\"datePublished\":\"2026-02-10T21:44:57+00:00\",\"dateModified\":\"2026-02-16T18:49:35+00:00\",\"breadcrumb\":{\"@id\":\"https:\/\/mirkorusrough.com\/de\/produkt\/amethyst-bahia-brasilien\/#breadcrumb\"},\"inLanguage\":\"de\",\"potentialAction\":[{\"@type\":\"ReadAction\",\"target\":[\"https:\/\/mirkorusrough.com\/de\/produkt\/amethyst-bahia-brasilien\/\"]}]},{\"@type\":\"ImageObject\",\"inLanguage\":\"de\",\"@id\":\"https:\/\/mirkorusrough.com\/de\/produkt\/amethyst-bahia-brasilien\/#primaryimage\",\"url\":\"https:\/\/mirkorusrough.com\/wp-content\/uploads\/2026\/02\/img_3738-scaled-e1770760149267.jpeg\",\"contentUrl\":\"https:\/\/mirkorusrough.com\/wp-content\/uploads\/2026\/02\/img_3738-scaled-e1770760149267.jpeg\",\"width\":1613,\"height\":1613},{\"@type\":\"BreadcrumbList\",\"@id\":\"https:\/\/mirkorusrough.com\/de\/produkt\/amethyst-bahia-brasilien\/#breadcrumb\",\"itemListElement\":[{\"@type\":\"ListItem\",\"position\":1,\"name\":\"Start\",\"item\":\"http:\/\/mirkorusrough.com\/de\/\"},{\"@type\":\"ListItem\",\"position\":2,\"name\":\"Shop\",\"item\":\"http:\/\/mirkorusrough.com\/de\/shop\/\"},{\"@type\":\"ListItem\",\"position\":3,\"name\":\"Amethyst \u2013 Bahia, Brasilien\"}]},{\"@type\":\"WebSite\",\"@id\":\"http:\/\/mirkorusrough.com\/de\/#website\",\"url\":\"http:\/\/mirkorusrough.com\/de\/\",\"name\":\"Mirkorus Rough\",\"description\":\"Facet-grade stones &amp; rare minerals\",\"publisher\":{\"@id\":\"http:\/\/mirkorusrough.com\/de\/#organization\"},\"potentialAction\":[{\"@type\":\"SearchAction\",\"target\":{\"@type\":\"EntryPoint\",\"urlTemplate\":\"http:\/\/mirkorusrough.com\/de\/?s={search_term_string}\"},\"query-input\":{\"@type\":\"PropertyValueSpecification\",\"valueRequired\":true,\"valueName\":\"search_term_string\"}}],\"inLanguage\":\"de\"},{\"@type\":\"Organization\",\"@id\":\"http:\/\/mirkorusrough.com\/de\/#organization\",\"name\":\"Lapidarius Mirkorus\",\"url\":\"http:\/\/mirkorusrough.com\/de\/\",\"logo\":{\"@type\":\"ImageObject\",\"inLanguage\":\"de\",\"@id\":\"http:\/\/mirkorusrough.com\/de\/#\/schema\/logo\/image\/\",\"url\":\"http:\/\/mirkorusrough.com\/wp-content\/uploads\/2026\/02\/MirkorusRough.png\",\"contentUrl\":\"http:\/\/mirkorusrough.com\/wp-content\/uploads\/2026\/02\/MirkorusRough.png\",\"width\":607,\"height\":434,\"caption\":\"Lapidarius Mirkorus\"},\"image\":{\"@id\":\"http:\/\/mirkorusrough.com\/de\/#\/schema\/logo\/image\/\"}}]}<\/script>\n<!-- \/ Yoast SEO plugin. -->","yoast_head_json":{"title":"Amethyst \u2013 Bahia, Brasilien - mirkorusrough.com","robots":{"index":"index","follow":"follow","max-snippet":"max-snippet:-1","max-image-preview":"max-image-preview:large","max-video-preview":"max-video-preview:-1"},"canonical":"https:\/\/mirkorusrough.com\/de\/produkt\/amethyst-bahia-brasilien\/","og_locale":"de_DE","og_type":"article","og_title":"Amethyst \u2013 Bahia, Brasilien - mirkorusrough.com","og_description":"Nat\u00fcrlicher Amethyst in Schleifqualit\u00e4t aus Bahia, Brasilien.Nat\u00fcrlich ungeheizt, augenrein und transparent, mit violettem Ton.","og_url":"https:\/\/mirkorusrough.com\/de\/produkt\/amethyst-bahia-brasilien\/","og_site_name":"mirkorusrough.com","article_modified_time":"2026-02-16T18:49:35+00:00","og_image":[{"width":1613,"height":1613,"url":"https:\/\/mirkorusrough.com\/wp-content\/uploads\/2026\/02\/img_3738-scaled-e1770760149267.jpeg","type":"image\/jpeg"}],"twitter_card":"summary_large_image","twitter_misc":{"Gesch\u00e4tzte Lesezeit":"1\u00a0Minute"},"schema":{"@context":"https:\/\/schema.org","@graph":[{"@type":"WebPage","@id":"https:\/\/mirkorusrough.com\/de\/produkt\/amethyst-bahia-brasilien\/","url":"https:\/\/mirkorusrough.com\/de\/produkt\/amethyst-bahia-brasilien\/","name":"Amethyst \u2013 Bahia, Brasilien - mirkorusrough.com","isPartOf":{"@id":"http:\/\/mirkorusrough.com\/de\/#website"},"primaryImageOfPage":{"@id":"https:\/\/mirkorusrough.com\/de\/produkt\/amethyst-bahia-brasilien\/#primaryimage"},"image":{"@id":"https:\/\/mirkorusrough.com\/de\/produkt\/amethyst-bahia-brasilien\/#primaryimage"},"thumbnailUrl":"https:\/\/mirkorusrough.com\/wp-content\/uploads\/2026\/02\/img_3738-scaled-e1770760149267.jpeg","datePublished":"2026-02-10T21:44:57+00:00","dateModified":"2026-02-16T18:49:35+00:00","breadcrumb":{"@id":"https:\/\/mirkorusrough.com\/de\/produkt\/amethyst-bahia-brasilien\/#breadcrumb"},"inLanguage":"de","potentialAction":[{"@type":"ReadAction","target":["https:\/\/mirkorusrough.com\/de\/produkt\/amethyst-bahia-brasilien\/"]}]},{"@type":"ImageObject","inLanguage":"de","@id":"https:\/\/mirkorusrough.com\/de\/produkt\/amethyst-bahia-brasilien\/#primaryimage","url":"https:\/\/mirkorusrough.com\/wp-content\/uploads\/2026\/02\/img_3738-scaled-e1770760149267.jpeg","contentUrl":"https:\/\/mirkorusrough.com\/wp-content\/uploads\/2026\/02\/img_3738-scaled-e1770760149267.jpeg","width":1613,"height":1613},{"@type":"BreadcrumbList","@id":"https:\/\/mirkorusrough.com\/de\/produkt\/amethyst-bahia-brasilien\/#breadcrumb","itemListElement":[{"@type":"ListItem","position":1,"name":"Start","item":"http:\/\/mirkorusrough.com\/de\/"},{"@type":"ListItem","position":2,"name":"Shop","item":"http:\/\/mirkorusrough.com\/de\/shop\/"},{"@type":"ListItem","position":3,"name":"Amethyst \u2013 Bahia, Brasilien"}]},{"@type":"WebSite","@id":"http:\/\/mirkorusrough.com\/de\/#website","url":"http:\/\/mirkorusrough.com\/de\/","name":"Mirkorus Rough","description":"Facet-grade stones &amp; rare minerals","publisher":{"@id":"http:\/\/mirkorusrough.com\/de\/#organization"},"potentialAction":[{"@type":"SearchAction","target":{"@type":"EntryPoint","urlTemplate":"http:\/\/mirkorusrough.com\/de\/?s={search_term_string}"},"query-input":{"@type":"PropertyValueSpecification","valueRequired":true,"valueName":"search_term_string"}}],"inLanguage":"de"},{"@type":"Organization","@id":"http:\/\/mirkorusrough.com\/de\/#organization","name":"Lapidarius Mirkorus","url":"http:\/\/mirkorusrough.com\/de\/","logo":{"@type":"ImageObject","inLanguage":"de","@id":"http:\/\/mirkorusrough.com\/de\/#\/schema\/logo\/image\/","url":"http:\/\/mirkorusrough.com\/wp-content\/uploads\/2026\/02\/MirkorusRough.png","contentUrl":"http:\/\/mirkorusrough.com\/wp-content\/uploads\/2026\/02\/MirkorusRough.png","width":607,"height":434,"caption":"Lapidarius Mirkorus"},"image":{"@id":"http:\/\/mirkorusrough.com\/de\/#\/schema\/logo\/image\/"}}]}},"_links":{"self":[{"href":"https:\/\/mirkorusrough.com\/de\/wp-json\/wp\/v2\/product\/783","targetHints":{"allow":["GET"]}}],"collection":[{"href":"https:\/\/mirkorusrough.com\/de\/wp-json\/wp\/v2\/product"}],"about":[{"href":"https:\/\/mirkorusrough.com\/de\/wp-json\/wp\/v2\/types\/product"}],"replies":[{"embeddable":true,"href":"https:\/\/mirkorusrough.com\/de\/wp-json\/wp\/v2\/comments?post=783"}],"wp:featuredmedia":[{"embeddable":true,"href":"https:\/\/mirkorusrough.com\/de\/wp-json\/wp\/v2\/media\/665"}],"wp:attachment":[{"href":"https:\/\/mirkorusrough.com\/de\/wp-json\/wp\/v2\/media?parent=783"}],"wp:term":[{"taxonomy":"product_brand","embeddable":true,"href":"https:\/\/mirkorusrough.com\/de\/wp-json\/wp\/v2\/product_brand?post=783"},{"taxonomy":"product_cat","embeddable":true,"href":"https:\/\/mirkorusrough.com\/de\/wp-json\/wp\/v2\/product_cat?post=783"},{"taxonomy":"product_tag","embeddable":true,"href":"https:\/\/mirkorusrough.com\/de\/wp-json\/wp\/v2\/product_tag?post=783"}],"curies":[{"name":"wp","href":"https:\/\/api.w.org\/{rel}","templated":true}]}}