{"id":786,"date":"2026-02-08T13:47:04","date_gmt":"2026-02-08T12:47:04","guid":{"rendered":"https:\/\/mirkorusrough.com\/produkt\/synthetischer-rubin-rubinrot\/"},"modified":"2026-02-18T19:25:03","modified_gmt":"2026-02-18T18:25:03","slug":"synthetischer-rubin-rubinrot","status":"publish","type":"product","link":"https:\/\/mirkorusrough.com\/de\/produkt\/synthetischer-rubin-rubinrot\/","title":{"rendered":"Synthetischer Rubin \u2013 Rubinrot"},"content":{"rendered":"<p>Wundersch\u00f6ne rote Farbe. Am besten f\u00fcr Rubine geeignet.<br \/>\nDas erste Bild, das mit starkem Licht aufgenommen wurde, gibt eine Vorstellung davon, wie der facettierte Edelstein aussehen wird.<\/p>\n<p>Steinart: <strong>Synthetischer Korund<\/strong><br \/>\nGewicht: <strong>66,3 g \/ 331,5 ct<\/strong><br \/>\nAbmessungen: <strong>98,3 \u00d7 22,0 \u00d7 10,9 mm<\/strong><br \/>\nHerstellungsmethode: <strong>Flame Fusion<\/strong><br \/>\nHersteller: <strong>Thai Tech Saphire<\/strong><br \/>\nReinheit: <strong>Augenrein<\/strong><br \/>\nFarbe: <strong>Rubinrot<\/strong><br \/>\nTransparenz: <strong>Transparent<\/strong><br \/>\nTyp: <strong>Kristall<\/strong><br \/>\nFacettierpotenzial: <strong>Facettierqualit\u00e4t<\/strong><br \/>\nFacettierbares Volumen: <strong>~99%<\/strong><br \/>\nGesch\u00e4tzte Ausbeute: <strong>~40 %<\/strong><\/p>\n","protected":false},"excerpt":{"rendered":"<p><strong>Facettierf\u00e4higer Kristall aus synthetischem Korund.<\/strong><\/p>\n<p>Im Flammenschmelzverfahren hergestellt, augenrein und transparent, mit klassischer rubinroter Farbe.<br data-start=\"225\" data-end=\"228\" \/>Gut ausgebildeter Kristall mit hervorragender Reinheit und nahezu vollst\u00e4ndigem Facettierpotenzial f\u00fcr pr\u00e4zise Schliffe.<\/p>\n","protected":false},"featured_media":576,"comment_status":"open","ping_status":"closed","template":"","meta":[],"product_brand":[],"product_cat":[100],"product_tag":[190,191,108],"class_list":{"0":"post-786","1":"product","2":"type-product","3":"status-publish","4":"has-post-thumbnail","6":"product_cat-synthetisch","7":"product_tag-red","8":"product_tag-ruby","9":"product_tag-synthetic","11":"first","12":"instock","13":"taxable","14":"shipping-taxable","15":"purchasable","16":"product-type-simple"},"yoast_head":"<!-- This site is optimized with the Yoast SEO plugin v27.1.1 - https:\/\/yoast.com\/product\/yoast-seo-wordpress\/ -->\n<title>Synthetischer Rubin \u2013 Rubinrot - mirkorusrough.com<\/title>\n<meta name=\"robots\" content=\"index, follow, max-snippet:-1, max-image-preview:large, max-video-preview:-1\" \/>\n<link rel=\"canonical\" href=\"https:\/\/mirkorusrough.com\/de\/produkt\/synthetischer-rubin-rubinrot\/\" \/>\n<meta property=\"og:locale\" content=\"de_DE\" \/>\n<meta property=\"og:type\" content=\"article\" \/>\n<meta property=\"og:title\" content=\"Synthetischer Rubin \u2013 Rubinrot - mirkorusrough.com\" \/>\n<meta property=\"og:description\" content=\"Facettierf\u00e4higer Kristall aus synthetischem Korund.  Im Flammenschmelzverfahren hergestellt, augenrein und transparent, mit klassischer rubinroter Farbe.Gut ausgebildeter Kristall mit hervorragender Reinheit und nahezu vollst\u00e4ndigem Facettierpotenzial f\u00fcr pr\u00e4zise Schliffe.\" \/>\n<meta property=\"og:url\" content=\"https:\/\/mirkorusrough.com\/de\/produkt\/synthetischer-rubin-rubinrot\/\" \/>\n<meta property=\"og:site_name\" content=\"mirkorusrough.com\" \/>\n<meta property=\"article:modified_time\" content=\"2026-02-18T18:25:03+00:00\" \/>\n<meta property=\"og:image\" content=\"https:\/\/mirkorusrough.com\/wp-content\/uploads\/2026\/02\/img_3698-scaled-e1770560725209.jpeg\" \/>\n\t<meta property=\"og:image:width\" content=\"734\" \/>\n\t<meta property=\"og:image:height\" content=\"734\" \/>\n\t<meta property=\"og:image:type\" content=\"image\/jpeg\" \/>\n<meta name=\"twitter:card\" content=\"summary_large_image\" \/>\n<meta name=\"twitter:label1\" content=\"Gesch\u00e4tzte Lesezeit\" \/>\n\t<meta name=\"twitter:data1\" content=\"1\u00a0Minute\" \/>\n<script type=\"application\/ld+json\" class=\"yoast-schema-graph\">{\"@context\":\"https:\/\/schema.org\",\"@graph\":[{\"@type\":\"WebPage\",\"@id\":\"https:\/\/mirkorusrough.com\/de\/produkt\/synthetischer-rubin-rubinrot\/\",\"url\":\"https:\/\/mirkorusrough.com\/de\/produkt\/synthetischer-rubin-rubinrot\/\",\"name\":\"Synthetischer Rubin \u2013 Rubinrot - mirkorusrough.com\",\"isPartOf\":{\"@id\":\"http:\/\/mirkorusrough.com\/de\/#website\"},\"primaryImageOfPage\":{\"@id\":\"https:\/\/mirkorusrough.com\/de\/produkt\/synthetischer-rubin-rubinrot\/#primaryimage\"},\"image\":{\"@id\":\"https:\/\/mirkorusrough.com\/de\/produkt\/synthetischer-rubin-rubinrot\/#primaryimage\"},\"thumbnailUrl\":\"https:\/\/mirkorusrough.com\/wp-content\/uploads\/2026\/02\/img_3698-scaled-e1770560725209.jpeg\",\"datePublished\":\"2026-02-08T12:47:04+00:00\",\"dateModified\":\"2026-02-18T18:25:03+00:00\",\"breadcrumb\":{\"@id\":\"https:\/\/mirkorusrough.com\/de\/produkt\/synthetischer-rubin-rubinrot\/#breadcrumb\"},\"inLanguage\":\"de\",\"potentialAction\":[{\"@type\":\"ReadAction\",\"target\":[\"https:\/\/mirkorusrough.com\/de\/produkt\/synthetischer-rubin-rubinrot\/\"]}]},{\"@type\":\"ImageObject\",\"inLanguage\":\"de\",\"@id\":\"https:\/\/mirkorusrough.com\/de\/produkt\/synthetischer-rubin-rubinrot\/#primaryimage\",\"url\":\"https:\/\/mirkorusrough.com\/wp-content\/uploads\/2026\/02\/img_3698-scaled-e1770560725209.jpeg\",\"contentUrl\":\"https:\/\/mirkorusrough.com\/wp-content\/uploads\/2026\/02\/img_3698-scaled-e1770560725209.jpeg\",\"width\":734,\"height\":734},{\"@type\":\"BreadcrumbList\",\"@id\":\"https:\/\/mirkorusrough.com\/de\/produkt\/synthetischer-rubin-rubinrot\/#breadcrumb\",\"itemListElement\":[{\"@type\":\"ListItem\",\"position\":1,\"name\":\"Start\",\"item\":\"http:\/\/mirkorusrough.com\/de\/\"},{\"@type\":\"ListItem\",\"position\":2,\"name\":\"Shop\",\"item\":\"http:\/\/mirkorusrough.com\/de\/shop\/\"},{\"@type\":\"ListItem\",\"position\":3,\"name\":\"Synthetischer Rubin \u2013 Rubinrot\"}]},{\"@type\":\"WebSite\",\"@id\":\"http:\/\/mirkorusrough.com\/de\/#website\",\"url\":\"http:\/\/mirkorusrough.com\/de\/\",\"name\":\"Mirkorus Rough\",\"description\":\"Facet-grade stones &amp; rare minerals\",\"publisher\":{\"@id\":\"http:\/\/mirkorusrough.com\/de\/#organization\"},\"potentialAction\":[{\"@type\":\"SearchAction\",\"target\":{\"@type\":\"EntryPoint\",\"urlTemplate\":\"http:\/\/mirkorusrough.com\/de\/?s={search_term_string}\"},\"query-input\":{\"@type\":\"PropertyValueSpecification\",\"valueRequired\":true,\"valueName\":\"search_term_string\"}}],\"inLanguage\":\"de\"},{\"@type\":\"Organization\",\"@id\":\"http:\/\/mirkorusrough.com\/de\/#organization\",\"name\":\"Lapidarius Mirkorus\",\"url\":\"http:\/\/mirkorusrough.com\/de\/\",\"logo\":{\"@type\":\"ImageObject\",\"inLanguage\":\"de\",\"@id\":\"http:\/\/mirkorusrough.com\/de\/#\/schema\/logo\/image\/\",\"url\":\"http:\/\/mirkorusrough.com\/wp-content\/uploads\/2026\/02\/MirkorusRough.png\",\"contentUrl\":\"http:\/\/mirkorusrough.com\/wp-content\/uploads\/2026\/02\/MirkorusRough.png\",\"width\":607,\"height\":434,\"caption\":\"Lapidarius Mirkorus\"},\"image\":{\"@id\":\"http:\/\/mirkorusrough.com\/de\/#\/schema\/logo\/image\/\"}}]}<\/script>\n<!-- \/ Yoast SEO plugin. -->","yoast_head_json":{"title":"Synthetischer Rubin \u2013 Rubinrot - mirkorusrough.com","robots":{"index":"index","follow":"follow","max-snippet":"max-snippet:-1","max-image-preview":"max-image-preview:large","max-video-preview":"max-video-preview:-1"},"canonical":"https:\/\/mirkorusrough.com\/de\/produkt\/synthetischer-rubin-rubinrot\/","og_locale":"de_DE","og_type":"article","og_title":"Synthetischer Rubin \u2013 Rubinrot - mirkorusrough.com","og_description":"Facettierf\u00e4higer Kristall aus synthetischem Korund.  Im Flammenschmelzverfahren hergestellt, augenrein und transparent, mit klassischer rubinroter Farbe.Gut ausgebildeter Kristall mit hervorragender Reinheit und nahezu vollst\u00e4ndigem Facettierpotenzial f\u00fcr pr\u00e4zise Schliffe.","og_url":"https:\/\/mirkorusrough.com\/de\/produkt\/synthetischer-rubin-rubinrot\/","og_site_name":"mirkorusrough.com","article_modified_time":"2026-02-18T18:25:03+00:00","og_image":[{"width":734,"height":734,"url":"https:\/\/mirkorusrough.com\/wp-content\/uploads\/2026\/02\/img_3698-scaled-e1770560725209.jpeg","type":"image\/jpeg"}],"twitter_card":"summary_large_image","twitter_misc":{"Gesch\u00e4tzte Lesezeit":"1\u00a0Minute"},"schema":{"@context":"https:\/\/schema.org","@graph":[{"@type":"WebPage","@id":"https:\/\/mirkorusrough.com\/de\/produkt\/synthetischer-rubin-rubinrot\/","url":"https:\/\/mirkorusrough.com\/de\/produkt\/synthetischer-rubin-rubinrot\/","name":"Synthetischer Rubin \u2013 Rubinrot - mirkorusrough.com","isPartOf":{"@id":"http:\/\/mirkorusrough.com\/de\/#website"},"primaryImageOfPage":{"@id":"https:\/\/mirkorusrough.com\/de\/produkt\/synthetischer-rubin-rubinrot\/#primaryimage"},"image":{"@id":"https:\/\/mirkorusrough.com\/de\/produkt\/synthetischer-rubin-rubinrot\/#primaryimage"},"thumbnailUrl":"https:\/\/mirkorusrough.com\/wp-content\/uploads\/2026\/02\/img_3698-scaled-e1770560725209.jpeg","datePublished":"2026-02-08T12:47:04+00:00","dateModified":"2026-02-18T18:25:03+00:00","breadcrumb":{"@id":"https:\/\/mirkorusrough.com\/de\/produkt\/synthetischer-rubin-rubinrot\/#breadcrumb"},"inLanguage":"de","potentialAction":[{"@type":"ReadAction","target":["https:\/\/mirkorusrough.com\/de\/produkt\/synthetischer-rubin-rubinrot\/"]}]},{"@type":"ImageObject","inLanguage":"de","@id":"https:\/\/mirkorusrough.com\/de\/produkt\/synthetischer-rubin-rubinrot\/#primaryimage","url":"https:\/\/mirkorusrough.com\/wp-content\/uploads\/2026\/02\/img_3698-scaled-e1770560725209.jpeg","contentUrl":"https:\/\/mirkorusrough.com\/wp-content\/uploads\/2026\/02\/img_3698-scaled-e1770560725209.jpeg","width":734,"height":734},{"@type":"BreadcrumbList","@id":"https:\/\/mirkorusrough.com\/de\/produkt\/synthetischer-rubin-rubinrot\/#breadcrumb","itemListElement":[{"@type":"ListItem","position":1,"name":"Start","item":"http:\/\/mirkorusrough.com\/de\/"},{"@type":"ListItem","position":2,"name":"Shop","item":"http:\/\/mirkorusrough.com\/de\/shop\/"},{"@type":"ListItem","position":3,"name":"Synthetischer Rubin \u2013 Rubinrot"}]},{"@type":"WebSite","@id":"http:\/\/mirkorusrough.com\/de\/#website","url":"http:\/\/mirkorusrough.com\/de\/","name":"Mirkorus Rough","description":"Facet-grade stones &amp; rare minerals","publisher":{"@id":"http:\/\/mirkorusrough.com\/de\/#organization"},"potentialAction":[{"@type":"SearchAction","target":{"@type":"EntryPoint","urlTemplate":"http:\/\/mirkorusrough.com\/de\/?s={search_term_string}"},"query-input":{"@type":"PropertyValueSpecification","valueRequired":true,"valueName":"search_term_string"}}],"inLanguage":"de"},{"@type":"Organization","@id":"http:\/\/mirkorusrough.com\/de\/#organization","name":"Lapidarius Mirkorus","url":"http:\/\/mirkorusrough.com\/de\/","logo":{"@type":"ImageObject","inLanguage":"de","@id":"http:\/\/mirkorusrough.com\/de\/#\/schema\/logo\/image\/","url":"http:\/\/mirkorusrough.com\/wp-content\/uploads\/2026\/02\/MirkorusRough.png","contentUrl":"http:\/\/mirkorusrough.com\/wp-content\/uploads\/2026\/02\/MirkorusRough.png","width":607,"height":434,"caption":"Lapidarius Mirkorus"},"image":{"@id":"http:\/\/mirkorusrough.com\/de\/#\/schema\/logo\/image\/"}}]}},"_links":{"self":[{"href":"https:\/\/mirkorusrough.com\/de\/wp-json\/wp\/v2\/product\/786","targetHints":{"allow":["GET"]}}],"collection":[{"href":"https:\/\/mirkorusrough.com\/de\/wp-json\/wp\/v2\/product"}],"about":[{"href":"https:\/\/mirkorusrough.com\/de\/wp-json\/wp\/v2\/types\/product"}],"replies":[{"embeddable":true,"href":"https:\/\/mirkorusrough.com\/de\/wp-json\/wp\/v2\/comments?post=786"}],"wp:featuredmedia":[{"embeddable":true,"href":"https:\/\/mirkorusrough.com\/de\/wp-json\/wp\/v2\/media\/576"}],"wp:attachment":[{"href":"https:\/\/mirkorusrough.com\/de\/wp-json\/wp\/v2\/media?parent=786"}],"wp:term":[{"taxonomy":"product_brand","embeddable":true,"href":"https:\/\/mirkorusrough.com\/de\/wp-json\/wp\/v2\/product_brand?post=786"},{"taxonomy":"product_cat","embeddable":true,"href":"https:\/\/mirkorusrough.com\/de\/wp-json\/wp\/v2\/product_cat?post=786"},{"taxonomy":"product_tag","embeddable":true,"href":"https:\/\/mirkorusrough.com\/de\/wp-json\/wp\/v2\/product_tag?post=786"}],"curies":[{"name":"wp","href":"https:\/\/api.w.org\/{rel}","templated":true}]}}