{"id":803,"date":"2026-02-01T14:12:43","date_gmt":"2026-02-01T13:12:43","guid":{"rendered":"https:\/\/mirkorusrough.com\/produkt\/topas-hell-champagner\/"},"modified":"2026-02-18T21:06:57","modified_gmt":"2026-02-18T20:06:57","slug":"topas-hell-champagner","status":"publish","type":"product","link":"https:\/\/mirkorusrough.com\/de\/produkt\/topas-hell-champagner\/","title":{"rendered":"Topas \u2013 Hell Champagner"},"content":{"rendered":"<p data-start=\"258\" data-end=\"464\">Dieser Topaskristall wurde von einem lokalen H\u00e4ndler in Pakistan bezogen.<br data-start=\"326\" data-end=\"329\" \/>Die Farbe des Steins ist ein heller Champagnerton.<\/p>\n<p data-start=\"466\" data-end=\"702\">Der Stein ist ungew\u00f6hnlich klar. Sehen Sie sich das Video an, um einen wirklich detaillierten Eindruck zu bekommen, da die Bilder die Reinheit nicht zeigen.<\/p>\n<p>Steintyp: <strong>Nat\u00fcrlicher Topas<\/strong><br \/>\nHerkunft: <strong>Pakistan<\/strong><br \/>\nGewicht: <strong>153,5 ct<\/strong><br \/>\nMa\u00dfe: <strong>28.6 \u00d7 20,7 \u00d7 20.6 mm<\/strong><br \/>\nBehandlung: <strong>Unbehandelt<\/strong><br \/>\nReinheit: <strong>Augenrein<\/strong><br \/>\nFarbe: <strong>Hell Champagner<\/strong><br \/>\nTransparenz: <strong>Transparent<\/strong><br \/>\nRohform: <strong>Kristall<\/strong><br \/>\nSchleifpotenzial: <strong>Facet grade<br \/>\n<\/strong>Schleifbarer Anteil:<strong>~90%<br \/>\n<\/strong>Gesch\u00e4tzte Ausbeute: <strong>~35 %<\/strong><\/p>\n","protected":false},"excerpt":{"rendered":"<p><strong>Facettierf\u00e4higer nat\u00fcrlicher Topaskristall aus Pakistan.<\/strong><br data-start=\"217\" data-end=\"220\" \/>Nat\u00fcrlich unbehandelt, augenrein und transparent, mit einem hellen Champagnerton.<br data-start=\"301\" data-end=\"304\" \/>Gut ausgebildeter Kristall mit au\u00dfergew\u00f6hnlicher Klarheit und hohem Facettierpotenzial f\u00fcr pr\u00e4zise Schliffe.<\/p>\n","protected":false},"featured_media":1039,"comment_status":"open","ping_status":"closed","template":"","meta":[],"product_brand":[],"product_cat":[105],"product_tag":[102,95,216],"class_list":{"0":"post-803","1":"product","2":"type-product","3":"status-publish","4":"has-post-thumbnail","6":"product_cat-topas","7":"product_tag-champagne","8":"product_tag-pakistan","9":"product_tag-sammler","11":"first","12":"instock","13":"featured","14":"taxable","15":"shipping-taxable","16":"purchasable","17":"product-type-simple"},"yoast_head":"<!-- This site is optimized with the Yoast SEO plugin v27.1.1 - https:\/\/yoast.com\/product\/yoast-seo-wordpress\/ -->\n<title>Topas \u2013 Hell Champagner - mirkorusrough.com<\/title>\n<meta name=\"robots\" content=\"index, follow, max-snippet:-1, max-image-preview:large, max-video-preview:-1\" \/>\n<link rel=\"canonical\" href=\"https:\/\/mirkorusrough.com\/de\/produkt\/topas-hell-champagner\/\" \/>\n<meta property=\"og:locale\" content=\"de_DE\" \/>\n<meta property=\"og:type\" content=\"article\" \/>\n<meta property=\"og:title\" content=\"Topas \u2013 Hell Champagner - mirkorusrough.com\" \/>\n<meta property=\"og:description\" content=\"Facettierf\u00e4higer nat\u00fcrlicher Topaskristall aus Pakistan.Nat\u00fcrlich unbehandelt, augenrein und transparent, mit einem hellen Champagnerton.Gut ausgebildeter Kristall mit au\u00dfergew\u00f6hnlicher Klarheit und hohem Facettierpotenzial f\u00fcr pr\u00e4zise Schliffe.\" \/>\n<meta property=\"og:url\" content=\"https:\/\/mirkorusrough.com\/de\/produkt\/topas-hell-champagner\/\" \/>\n<meta property=\"og:site_name\" content=\"mirkorusrough.com\" \/>\n<meta property=\"article:modified_time\" content=\"2026-02-18T20:06:57+00:00\" \/>\n<meta property=\"og:image\" content=\"https:\/\/mirkorusrough.com\/wp-content\/uploads\/2026\/02\/img_4109-scaled.jpeg\" \/>\n\t<meta property=\"og:image:width\" content=\"2560\" \/>\n\t<meta property=\"og:image:height\" content=\"2560\" \/>\n\t<meta property=\"og:image:type\" content=\"image\/jpeg\" \/>\n<meta name=\"twitter:card\" content=\"summary_large_image\" \/>\n<meta name=\"twitter:label1\" content=\"Gesch\u00e4tzte Lesezeit\" \/>\n\t<meta name=\"twitter:data1\" content=\"1\u00a0Minute\" \/>\n<script type=\"application\/ld+json\" class=\"yoast-schema-graph\">{\"@context\":\"https:\/\/schema.org\",\"@graph\":[{\"@type\":\"WebPage\",\"@id\":\"https:\/\/mirkorusrough.com\/de\/produkt\/topas-hell-champagner\/\",\"url\":\"https:\/\/mirkorusrough.com\/de\/produkt\/topas-hell-champagner\/\",\"name\":\"Topas \u2013 Hell Champagner - mirkorusrough.com\",\"isPartOf\":{\"@id\":\"https:\/\/mirkorusrough.com\/de\/#website\"},\"primaryImageOfPage\":{\"@id\":\"https:\/\/mirkorusrough.com\/de\/produkt\/topas-hell-champagner\/#primaryimage\"},\"image\":{\"@id\":\"https:\/\/mirkorusrough.com\/de\/produkt\/topas-hell-champagner\/#primaryimage\"},\"thumbnailUrl\":\"https:\/\/mirkorusrough.com\/wp-content\/uploads\/2026\/02\/img_4109-scaled.jpeg\",\"datePublished\":\"2026-02-01T13:12:43+00:00\",\"dateModified\":\"2026-02-18T20:06:57+00:00\",\"breadcrumb\":{\"@id\":\"https:\/\/mirkorusrough.com\/de\/produkt\/topas-hell-champagner\/#breadcrumb\"},\"inLanguage\":\"de\",\"potentialAction\":[{\"@type\":\"ReadAction\",\"target\":[\"https:\/\/mirkorusrough.com\/de\/produkt\/topas-hell-champagner\/\"]}]},{\"@type\":\"ImageObject\",\"inLanguage\":\"de\",\"@id\":\"https:\/\/mirkorusrough.com\/de\/produkt\/topas-hell-champagner\/#primaryimage\",\"url\":\"https:\/\/mirkorusrough.com\/wp-content\/uploads\/2026\/02\/img_4109-scaled.jpeg\",\"contentUrl\":\"https:\/\/mirkorusrough.com\/wp-content\/uploads\/2026\/02\/img_4109-scaled.jpeg\",\"width\":2560,\"height\":2560},{\"@type\":\"BreadcrumbList\",\"@id\":\"https:\/\/mirkorusrough.com\/de\/produkt\/topas-hell-champagner\/#breadcrumb\",\"itemListElement\":[{\"@type\":\"ListItem\",\"position\":1,\"name\":\"Start\",\"item\":\"https:\/\/mirkorusrough.com\/de\/\"},{\"@type\":\"ListItem\",\"position\":2,\"name\":\"Shop\",\"item\":\"https:\/\/mirkorusrough.com\/de\/shop\/\"},{\"@type\":\"ListItem\",\"position\":3,\"name\":\"Topas \u2013 Hell Champagner\"}]},{\"@type\":\"WebSite\",\"@id\":\"https:\/\/mirkorusrough.com\/de\/#website\",\"url\":\"https:\/\/mirkorusrough.com\/de\/\",\"name\":\"Mirkorus Rough\",\"description\":\"Facet-grade stones &amp; rare minerals\",\"publisher\":{\"@id\":\"https:\/\/mirkorusrough.com\/de\/#organization\"},\"potentialAction\":[{\"@type\":\"SearchAction\",\"target\":{\"@type\":\"EntryPoint\",\"urlTemplate\":\"https:\/\/mirkorusrough.com\/de\/?s={search_term_string}\"},\"query-input\":{\"@type\":\"PropertyValueSpecification\",\"valueRequired\":true,\"valueName\":\"search_term_string\"}}],\"inLanguage\":\"de\"},{\"@type\":\"Organization\",\"@id\":\"https:\/\/mirkorusrough.com\/de\/#organization\",\"name\":\"Lapidarius Mirkorus\",\"url\":\"https:\/\/mirkorusrough.com\/de\/\",\"logo\":{\"@type\":\"ImageObject\",\"inLanguage\":\"de\",\"@id\":\"https:\/\/mirkorusrough.com\/de\/#\/schema\/logo\/image\/\",\"url\":\"http:\/\/mirkorusrough.com\/wp-content\/uploads\/2026\/02\/MirkorusRough.png\",\"contentUrl\":\"http:\/\/mirkorusrough.com\/wp-content\/uploads\/2026\/02\/MirkorusRough.png\",\"width\":607,\"height\":434,\"caption\":\"Lapidarius Mirkorus\"},\"image\":{\"@id\":\"https:\/\/mirkorusrough.com\/de\/#\/schema\/logo\/image\/\"}}]}<\/script>\n<!-- \/ Yoast SEO plugin. -->","yoast_head_json":{"title":"Topas \u2013 Hell Champagner - mirkorusrough.com","robots":{"index":"index","follow":"follow","max-snippet":"max-snippet:-1","max-image-preview":"max-image-preview:large","max-video-preview":"max-video-preview:-1"},"canonical":"https:\/\/mirkorusrough.com\/de\/produkt\/topas-hell-champagner\/","og_locale":"de_DE","og_type":"article","og_title":"Topas \u2013 Hell Champagner - mirkorusrough.com","og_description":"Facettierf\u00e4higer nat\u00fcrlicher Topaskristall aus Pakistan.Nat\u00fcrlich unbehandelt, augenrein und transparent, mit einem hellen Champagnerton.Gut ausgebildeter Kristall mit au\u00dfergew\u00f6hnlicher Klarheit und hohem Facettierpotenzial f\u00fcr pr\u00e4zise Schliffe.","og_url":"https:\/\/mirkorusrough.com\/de\/produkt\/topas-hell-champagner\/","og_site_name":"mirkorusrough.com","article_modified_time":"2026-02-18T20:06:57+00:00","og_image":[{"width":2560,"height":2560,"url":"https:\/\/mirkorusrough.com\/wp-content\/uploads\/2026\/02\/img_4109-scaled.jpeg","type":"image\/jpeg"}],"twitter_card":"summary_large_image","twitter_misc":{"Gesch\u00e4tzte Lesezeit":"1\u00a0Minute"},"schema":{"@context":"https:\/\/schema.org","@graph":[{"@type":"WebPage","@id":"https:\/\/mirkorusrough.com\/de\/produkt\/topas-hell-champagner\/","url":"https:\/\/mirkorusrough.com\/de\/produkt\/topas-hell-champagner\/","name":"Topas \u2013 Hell Champagner - mirkorusrough.com","isPartOf":{"@id":"https:\/\/mirkorusrough.com\/de\/#website"},"primaryImageOfPage":{"@id":"https:\/\/mirkorusrough.com\/de\/produkt\/topas-hell-champagner\/#primaryimage"},"image":{"@id":"https:\/\/mirkorusrough.com\/de\/produkt\/topas-hell-champagner\/#primaryimage"},"thumbnailUrl":"https:\/\/mirkorusrough.com\/wp-content\/uploads\/2026\/02\/img_4109-scaled.jpeg","datePublished":"2026-02-01T13:12:43+00:00","dateModified":"2026-02-18T20:06:57+00:00","breadcrumb":{"@id":"https:\/\/mirkorusrough.com\/de\/produkt\/topas-hell-champagner\/#breadcrumb"},"inLanguage":"de","potentialAction":[{"@type":"ReadAction","target":["https:\/\/mirkorusrough.com\/de\/produkt\/topas-hell-champagner\/"]}]},{"@type":"ImageObject","inLanguage":"de","@id":"https:\/\/mirkorusrough.com\/de\/produkt\/topas-hell-champagner\/#primaryimage","url":"https:\/\/mirkorusrough.com\/wp-content\/uploads\/2026\/02\/img_4109-scaled.jpeg","contentUrl":"https:\/\/mirkorusrough.com\/wp-content\/uploads\/2026\/02\/img_4109-scaled.jpeg","width":2560,"height":2560},{"@type":"BreadcrumbList","@id":"https:\/\/mirkorusrough.com\/de\/produkt\/topas-hell-champagner\/#breadcrumb","itemListElement":[{"@type":"ListItem","position":1,"name":"Start","item":"https:\/\/mirkorusrough.com\/de\/"},{"@type":"ListItem","position":2,"name":"Shop","item":"https:\/\/mirkorusrough.com\/de\/shop\/"},{"@type":"ListItem","position":3,"name":"Topas \u2013 Hell Champagner"}]},{"@type":"WebSite","@id":"https:\/\/mirkorusrough.com\/de\/#website","url":"https:\/\/mirkorusrough.com\/de\/","name":"Mirkorus Rough","description":"Facet-grade stones &amp; rare minerals","publisher":{"@id":"https:\/\/mirkorusrough.com\/de\/#organization"},"potentialAction":[{"@type":"SearchAction","target":{"@type":"EntryPoint","urlTemplate":"https:\/\/mirkorusrough.com\/de\/?s={search_term_string}"},"query-input":{"@type":"PropertyValueSpecification","valueRequired":true,"valueName":"search_term_string"}}],"inLanguage":"de"},{"@type":"Organization","@id":"https:\/\/mirkorusrough.com\/de\/#organization","name":"Lapidarius Mirkorus","url":"https:\/\/mirkorusrough.com\/de\/","logo":{"@type":"ImageObject","inLanguage":"de","@id":"https:\/\/mirkorusrough.com\/de\/#\/schema\/logo\/image\/","url":"http:\/\/mirkorusrough.com\/wp-content\/uploads\/2026\/02\/MirkorusRough.png","contentUrl":"http:\/\/mirkorusrough.com\/wp-content\/uploads\/2026\/02\/MirkorusRough.png","width":607,"height":434,"caption":"Lapidarius Mirkorus"},"image":{"@id":"https:\/\/mirkorusrough.com\/de\/#\/schema\/logo\/image\/"}}]}},"_links":{"self":[{"href":"https:\/\/mirkorusrough.com\/de\/wp-json\/wp\/v2\/product\/803","targetHints":{"allow":["GET"]}}],"collection":[{"href":"https:\/\/mirkorusrough.com\/de\/wp-json\/wp\/v2\/product"}],"about":[{"href":"https:\/\/mirkorusrough.com\/de\/wp-json\/wp\/v2\/types\/product"}],"replies":[{"embeddable":true,"href":"https:\/\/mirkorusrough.com\/de\/wp-json\/wp\/v2\/comments?post=803"}],"wp:featuredmedia":[{"embeddable":true,"href":"https:\/\/mirkorusrough.com\/de\/wp-json\/wp\/v2\/media\/1039"}],"wp:attachment":[{"href":"https:\/\/mirkorusrough.com\/de\/wp-json\/wp\/v2\/media?parent=803"}],"wp:term":[{"taxonomy":"product_brand","embeddable":true,"href":"https:\/\/mirkorusrough.com\/de\/wp-json\/wp\/v2\/product_brand?post=803"},{"taxonomy":"product_cat","embeddable":true,"href":"https:\/\/mirkorusrough.com\/de\/wp-json\/wp\/v2\/product_cat?post=803"},{"taxonomy":"product_tag","embeddable":true,"href":"https:\/\/mirkorusrough.com\/de\/wp-json\/wp\/v2\/product_tag?post=803"}],"curies":[{"name":"wp","href":"https:\/\/api.w.org\/{rel}","templated":true}]}}