{"id":805,"date":"2026-02-01T07:34:54","date_gmt":"2026-02-01T06:34:54","guid":{"rendered":"https:\/\/mirkorusrough.com\/produkt\/aquamarin-kristall-hellgraublau\/"},"modified":"2026-02-18T21:07:23","modified_gmt":"2026-02-18T20:07:23","slug":"aquamarin-kristall-hellgraublau","status":"publish","type":"product","link":"https:\/\/mirkorusrough.com\/de\/produkt\/aquamarin-kristall-hellgraublau\/","title":{"rendered":"Aquamarin-Kristall \u2013 Hellgraublau"},"content":{"rendered":"<p data-start=\"258\" data-end=\"464\">Dieser Aquamarin-Kristall stammt von einem lokalen H\u00e4ndler in Pakistan.<br data-start=\"326\" data-end=\"329\" \/>W\u00e4hrend die Fotos aufgrund von Reflexionen und Beleuchtung ein helleres Blau vermuten lassen k\u00f6nnten, ist die tats\u00e4chliche Farbe des Steins ein ruhiges Hellgraublau.<\/p>\n<p data-start=\"466\" data-end=\"702\">F\u00fcr die Facettierung enth\u00e4lt das untere Ende Reste des Muttergesteins und sollte vor dem Schleifen entfernt werden. Nach dem Trimmen bietet der verbleibende Kristall eine gute Transparenz und augenreine Reinheit, ideal f\u00fcr pr\u00e4zise Facettierarbeiten.<\/p>\n<p>Steinart: <strong>Nat\u00fcrlicher Aquamarin<\/strong><br \/>\nHerkunft: <strong>Pakistan<\/strong><br \/>\nGewicht: <strong>33,15 ct<\/strong><br \/>\nMa\u00dfe: <strong>29,7 \u00d7 11,0 \u00d7 9,8 mm<\/strong><br \/>\nBehandlung: <strong>Unbehandelt<\/strong><br \/>\nReinheit: <strong>Augenrein<\/strong><br \/>\nFarbe: <strong>Hellgraublau<\/strong><br \/>\nTransparenz: <strong>Transparent<\/strong><br \/>\nRohform: <strong>Kristall<\/strong><br \/>\nSchleifpotenzial: <strong>Facet grade<br \/>\n<\/strong>Schleifbarer Anteil:<strong>~80 %<\/strong><br \/>\nVoraussichtliche Ausbeute: <strong>~25 %<\/strong><\/p>\n","protected":false},"excerpt":{"rendered":"<p><strong data-start=\"353\" data-end=\"402\">Aquamarin-Kristall in Facettierqualit\u00e4t aus Pakistan.<\/strong><br data-start=\"402\" data-end=\"405\" \/>Nat\u00fcrlich unbehandelt, augenrein und transparent, mit einem hellgraublauen Farbton.<br data-start=\"480\" data-end=\"483\" \/>Gut geformter prismatischer Kristall mit solidem Facettierpotenzial f\u00fcr individuelle Schliffe.<\/p>\n","protected":false},"featured_media":1028,"comment_status":"open","ping_status":"closed","template":"","meta":[],"product_brand":[],"product_cat":[94],"product_tag":[96,103,97,104,95,216],"class_list":{"0":"post-805","1":"product","2":"type-product","3":"status-publish","4":"has-post-thumbnail","6":"product_cat-aquamarin","7":"product_tag-aquamarine","8":"product_tag-blau","9":"product_tag-facet-grade","10":"product_tag-gray","11":"product_tag-pakistan","12":"product_tag-sammler","14":"first","15":"instock","16":"featured","17":"sold-individually","18":"taxable","19":"shipping-taxable","20":"purchasable","21":"product-type-simple"},"yoast_head":"<!-- This site is optimized with the Yoast SEO plugin v27.1.1 - https:\/\/yoast.com\/product\/yoast-seo-wordpress\/ -->\n<title>Aquamarin-Kristall \u2013 Hellgraublau - mirkorusrough.com<\/title>\n<meta name=\"robots\" content=\"index, follow, max-snippet:-1, max-image-preview:large, max-video-preview:-1\" \/>\n<link rel=\"canonical\" href=\"https:\/\/mirkorusrough.com\/de\/produkt\/aquamarin-kristall-hellgraublau\/\" \/>\n<meta property=\"og:locale\" content=\"de_DE\" \/>\n<meta property=\"og:type\" content=\"article\" \/>\n<meta property=\"og:title\" content=\"Aquamarin-Kristall \u2013 Hellgraublau - mirkorusrough.com\" \/>\n<meta property=\"og:description\" content=\"Aquamarin-Kristall in Facettierqualit\u00e4t aus Pakistan.Nat\u00fcrlich unbehandelt, augenrein und transparent, mit einem hellgraublauen Farbton.Gut geformter prismatischer Kristall mit solidem Facettierpotenzial f\u00fcr individuelle Schliffe.\" \/>\n<meta property=\"og:url\" content=\"https:\/\/mirkorusrough.com\/de\/produkt\/aquamarin-kristall-hellgraublau\/\" \/>\n<meta property=\"og:site_name\" content=\"mirkorusrough.com\" \/>\n<meta property=\"article:modified_time\" content=\"2026-02-18T20:07:23+00:00\" \/>\n<meta property=\"og:image\" content=\"https:\/\/mirkorusrough.com\/wp-content\/uploads\/2026\/02\/img_4125-scaled.jpeg\" \/>\n\t<meta property=\"og:image:width\" content=\"2560\" \/>\n\t<meta property=\"og:image:height\" content=\"2560\" \/>\n\t<meta property=\"og:image:type\" content=\"image\/jpeg\" \/>\n<meta name=\"twitter:card\" content=\"summary_large_image\" \/>\n<meta name=\"twitter:label1\" content=\"Gesch\u00e4tzte Lesezeit\" \/>\n\t<meta name=\"twitter:data1\" content=\"1\u00a0Minute\" \/>\n<script type=\"application\/ld+json\" class=\"yoast-schema-graph\">{\"@context\":\"https:\/\/schema.org\",\"@graph\":[{\"@type\":\"WebPage\",\"@id\":\"https:\/\/mirkorusrough.com\/de\/produkt\/aquamarin-kristall-hellgraublau\/\",\"url\":\"https:\/\/mirkorusrough.com\/de\/produkt\/aquamarin-kristall-hellgraublau\/\",\"name\":\"Aquamarin-Kristall \u2013 Hellgraublau - mirkorusrough.com\",\"isPartOf\":{\"@id\":\"https:\/\/mirkorusrough.com\/de\/#website\"},\"primaryImageOfPage\":{\"@id\":\"https:\/\/mirkorusrough.com\/de\/produkt\/aquamarin-kristall-hellgraublau\/#primaryimage\"},\"image\":{\"@id\":\"https:\/\/mirkorusrough.com\/de\/produkt\/aquamarin-kristall-hellgraublau\/#primaryimage\"},\"thumbnailUrl\":\"https:\/\/mirkorusrough.com\/wp-content\/uploads\/2026\/02\/img_4125-scaled.jpeg\",\"datePublished\":\"2026-02-01T06:34:54+00:00\",\"dateModified\":\"2026-02-18T20:07:23+00:00\",\"breadcrumb\":{\"@id\":\"https:\/\/mirkorusrough.com\/de\/produkt\/aquamarin-kristall-hellgraublau\/#breadcrumb\"},\"inLanguage\":\"de\",\"potentialAction\":[{\"@type\":\"ReadAction\",\"target\":[\"https:\/\/mirkorusrough.com\/de\/produkt\/aquamarin-kristall-hellgraublau\/\"]}]},{\"@type\":\"ImageObject\",\"inLanguage\":\"de\",\"@id\":\"https:\/\/mirkorusrough.com\/de\/produkt\/aquamarin-kristall-hellgraublau\/#primaryimage\",\"url\":\"https:\/\/mirkorusrough.com\/wp-content\/uploads\/2026\/02\/img_4125-scaled.jpeg\",\"contentUrl\":\"https:\/\/mirkorusrough.com\/wp-content\/uploads\/2026\/02\/img_4125-scaled.jpeg\",\"width\":2560,\"height\":2560},{\"@type\":\"BreadcrumbList\",\"@id\":\"https:\/\/mirkorusrough.com\/de\/produkt\/aquamarin-kristall-hellgraublau\/#breadcrumb\",\"itemListElement\":[{\"@type\":\"ListItem\",\"position\":1,\"name\":\"Start\",\"item\":\"https:\/\/mirkorusrough.com\/de\/\"},{\"@type\":\"ListItem\",\"position\":2,\"name\":\"Shop\",\"item\":\"https:\/\/mirkorusrough.com\/de\/shop\/\"},{\"@type\":\"ListItem\",\"position\":3,\"name\":\"Aquamarin-Kristall \u2013 Hellgraublau\"}]},{\"@type\":\"WebSite\",\"@id\":\"https:\/\/mirkorusrough.com\/de\/#website\",\"url\":\"https:\/\/mirkorusrough.com\/de\/\",\"name\":\"Mirkorus Rough\",\"description\":\"Facet-grade stones &amp; rare minerals\",\"publisher\":{\"@id\":\"https:\/\/mirkorusrough.com\/de\/#organization\"},\"potentialAction\":[{\"@type\":\"SearchAction\",\"target\":{\"@type\":\"EntryPoint\",\"urlTemplate\":\"https:\/\/mirkorusrough.com\/de\/?s={search_term_string}\"},\"query-input\":{\"@type\":\"PropertyValueSpecification\",\"valueRequired\":true,\"valueName\":\"search_term_string\"}}],\"inLanguage\":\"de\"},{\"@type\":\"Organization\",\"@id\":\"https:\/\/mirkorusrough.com\/de\/#organization\",\"name\":\"Lapidarius Mirkorus\",\"url\":\"https:\/\/mirkorusrough.com\/de\/\",\"logo\":{\"@type\":\"ImageObject\",\"inLanguage\":\"de\",\"@id\":\"https:\/\/mirkorusrough.com\/de\/#\/schema\/logo\/image\/\",\"url\":\"http:\/\/mirkorusrough.com\/wp-content\/uploads\/2026\/02\/MirkorusRough.png\",\"contentUrl\":\"http:\/\/mirkorusrough.com\/wp-content\/uploads\/2026\/02\/MirkorusRough.png\",\"width\":607,\"height\":434,\"caption\":\"Lapidarius Mirkorus\"},\"image\":{\"@id\":\"https:\/\/mirkorusrough.com\/de\/#\/schema\/logo\/image\/\"}}]}<\/script>\n<!-- \/ Yoast SEO plugin. -->","yoast_head_json":{"title":"Aquamarin-Kristall \u2013 Hellgraublau - mirkorusrough.com","robots":{"index":"index","follow":"follow","max-snippet":"max-snippet:-1","max-image-preview":"max-image-preview:large","max-video-preview":"max-video-preview:-1"},"canonical":"https:\/\/mirkorusrough.com\/de\/produkt\/aquamarin-kristall-hellgraublau\/","og_locale":"de_DE","og_type":"article","og_title":"Aquamarin-Kristall \u2013 Hellgraublau - mirkorusrough.com","og_description":"Aquamarin-Kristall in Facettierqualit\u00e4t aus Pakistan.Nat\u00fcrlich unbehandelt, augenrein und transparent, mit einem hellgraublauen Farbton.Gut geformter prismatischer Kristall mit solidem Facettierpotenzial f\u00fcr individuelle Schliffe.","og_url":"https:\/\/mirkorusrough.com\/de\/produkt\/aquamarin-kristall-hellgraublau\/","og_site_name":"mirkorusrough.com","article_modified_time":"2026-02-18T20:07:23+00:00","og_image":[{"width":2560,"height":2560,"url":"https:\/\/mirkorusrough.com\/wp-content\/uploads\/2026\/02\/img_4125-scaled.jpeg","type":"image\/jpeg"}],"twitter_card":"summary_large_image","twitter_misc":{"Gesch\u00e4tzte Lesezeit":"1\u00a0Minute"},"schema":{"@context":"https:\/\/schema.org","@graph":[{"@type":"WebPage","@id":"https:\/\/mirkorusrough.com\/de\/produkt\/aquamarin-kristall-hellgraublau\/","url":"https:\/\/mirkorusrough.com\/de\/produkt\/aquamarin-kristall-hellgraublau\/","name":"Aquamarin-Kristall \u2013 Hellgraublau - mirkorusrough.com","isPartOf":{"@id":"https:\/\/mirkorusrough.com\/de\/#website"},"primaryImageOfPage":{"@id":"https:\/\/mirkorusrough.com\/de\/produkt\/aquamarin-kristall-hellgraublau\/#primaryimage"},"image":{"@id":"https:\/\/mirkorusrough.com\/de\/produkt\/aquamarin-kristall-hellgraublau\/#primaryimage"},"thumbnailUrl":"https:\/\/mirkorusrough.com\/wp-content\/uploads\/2026\/02\/img_4125-scaled.jpeg","datePublished":"2026-02-01T06:34:54+00:00","dateModified":"2026-02-18T20:07:23+00:00","breadcrumb":{"@id":"https:\/\/mirkorusrough.com\/de\/produkt\/aquamarin-kristall-hellgraublau\/#breadcrumb"},"inLanguage":"de","potentialAction":[{"@type":"ReadAction","target":["https:\/\/mirkorusrough.com\/de\/produkt\/aquamarin-kristall-hellgraublau\/"]}]},{"@type":"ImageObject","inLanguage":"de","@id":"https:\/\/mirkorusrough.com\/de\/produkt\/aquamarin-kristall-hellgraublau\/#primaryimage","url":"https:\/\/mirkorusrough.com\/wp-content\/uploads\/2026\/02\/img_4125-scaled.jpeg","contentUrl":"https:\/\/mirkorusrough.com\/wp-content\/uploads\/2026\/02\/img_4125-scaled.jpeg","width":2560,"height":2560},{"@type":"BreadcrumbList","@id":"https:\/\/mirkorusrough.com\/de\/produkt\/aquamarin-kristall-hellgraublau\/#breadcrumb","itemListElement":[{"@type":"ListItem","position":1,"name":"Start","item":"https:\/\/mirkorusrough.com\/de\/"},{"@type":"ListItem","position":2,"name":"Shop","item":"https:\/\/mirkorusrough.com\/de\/shop\/"},{"@type":"ListItem","position":3,"name":"Aquamarin-Kristall \u2013 Hellgraublau"}]},{"@type":"WebSite","@id":"https:\/\/mirkorusrough.com\/de\/#website","url":"https:\/\/mirkorusrough.com\/de\/","name":"Mirkorus Rough","description":"Facet-grade stones &amp; rare minerals","publisher":{"@id":"https:\/\/mirkorusrough.com\/de\/#organization"},"potentialAction":[{"@type":"SearchAction","target":{"@type":"EntryPoint","urlTemplate":"https:\/\/mirkorusrough.com\/de\/?s={search_term_string}"},"query-input":{"@type":"PropertyValueSpecification","valueRequired":true,"valueName":"search_term_string"}}],"inLanguage":"de"},{"@type":"Organization","@id":"https:\/\/mirkorusrough.com\/de\/#organization","name":"Lapidarius Mirkorus","url":"https:\/\/mirkorusrough.com\/de\/","logo":{"@type":"ImageObject","inLanguage":"de","@id":"https:\/\/mirkorusrough.com\/de\/#\/schema\/logo\/image\/","url":"http:\/\/mirkorusrough.com\/wp-content\/uploads\/2026\/02\/MirkorusRough.png","contentUrl":"http:\/\/mirkorusrough.com\/wp-content\/uploads\/2026\/02\/MirkorusRough.png","width":607,"height":434,"caption":"Lapidarius Mirkorus"},"image":{"@id":"https:\/\/mirkorusrough.com\/de\/#\/schema\/logo\/image\/"}}]}},"_links":{"self":[{"href":"https:\/\/mirkorusrough.com\/de\/wp-json\/wp\/v2\/product\/805","targetHints":{"allow":["GET"]}}],"collection":[{"href":"https:\/\/mirkorusrough.com\/de\/wp-json\/wp\/v2\/product"}],"about":[{"href":"https:\/\/mirkorusrough.com\/de\/wp-json\/wp\/v2\/types\/product"}],"replies":[{"embeddable":true,"href":"https:\/\/mirkorusrough.com\/de\/wp-json\/wp\/v2\/comments?post=805"}],"wp:featuredmedia":[{"embeddable":true,"href":"https:\/\/mirkorusrough.com\/de\/wp-json\/wp\/v2\/media\/1028"}],"wp:attachment":[{"href":"https:\/\/mirkorusrough.com\/de\/wp-json\/wp\/v2\/media?parent=805"}],"wp:term":[{"taxonomy":"product_brand","embeddable":true,"href":"https:\/\/mirkorusrough.com\/de\/wp-json\/wp\/v2\/product_brand?post=805"},{"taxonomy":"product_cat","embeddable":true,"href":"https:\/\/mirkorusrough.com\/de\/wp-json\/wp\/v2\/product_cat?post=805"},{"taxonomy":"product_tag","embeddable":true,"href":"https:\/\/mirkorusrough.com\/de\/wp-json\/wp\/v2\/product_tag?post=805"}],"curies":[{"name":"wp","href":"https:\/\/api.w.org\/{rel}","templated":true}]}}